{"id":218,"date":"2020-05-12T03:43:04","date_gmt":"2020-05-12T03:43:04","guid":{"rendered":"https:\/\/gozluxoptik.net\/?page_id=218"},"modified":"2025-07-30T12:51:43","modified_gmt":"2025-07-30T09:51:43","slug":"about","status":"publish","type":"page","link":"https:\/\/gozluxoptik.net\/?page_id=218","title":{"rendered":"Hakk\u0131m\u0131zda"},"content":{"rendered":"\n<div class=\"wp-block-uagb-container uagb-block-f6474934 alignfull uagb-is-root-container\"><div class=\"uagb-container__video-wrap\"><video autoplay loop muted playsinline><source src=\"http:\/\/gozluxoptik.net\/wp-content\/uploads\/2022\/06\/Persol-For-The-Sun.-Not-Only-1.mp4\" type=\"video\/mp4\"\/><\/video><\/div><div class=\"uagb-container-inner-blocks-wrap\">\n<h1 class=\"wp-block-heading has-text-align-center\">Hakk\u0131m\u0131zda<\/h1>\n<\/div><\/div>\n\n\n\n<div class=\"wp-block-uagb-container uagb-block-da5d164a alignfull uagb-is-root-container\"><div class=\"uagb-container-inner-blocks-wrap\">\n<div class=\"wp-block-uagb-advanced-heading uagb-block-7d9c3655\"><h2 class=\"uagb-heading-text\">\u201cSadece bir optik de\u011fil; 27 y\u0131ll\u0131k g\u00fcvenin ve deneyimin adresiyiz.\u201d<\/h2><\/div>\n\n\n\n<div class=\"wp-block-uagb-container uagb-block-fdfc0364\">\n<div class=\"wp-block-group is-layout-constrained wp-block-group-is-layout-constrained\"><div class=\"wp-block-group__inner-container\">\n<div class=\"wp-block-uagb-info-box uagb-block-0ef86749 uagb-infobox__content-wrap  uagb-infobox-icon-above-title uagb-infobox-image-valign-top\"><div class=\"uagb-ifb-content\"><div class=\"uagb-ifb-title-wrap\"><span class=\"uagb-ifb-title-prefix\"><strong>G\u00f6zl\u00fckhane markas\u0131yla 1998 y\u0131l\u0131nda \u0130stanbul\u2019da \u00e7\u0131kt\u0131\u011f\u0131m\u0131z bu yolculu\u011fa, 2011 y\u0131l\u0131ndan itibaren Alt\u0131noluk\u2019ta \u201cG\u00f6zl\u00fcx Optik\u201d ad\u0131yla devam ediyoruz.<br><br><\/strong><\/span><\/div><p class=\"uagb-ifb-desc\"><strong>Kuruldu\u011fumuz g\u00fcnden bu yana g\u00f6z sa\u011fl\u0131\u011f\u0131na \u00f6nem veren, g\u00fcvenilir ve ula\u015f\u0131labilir bir optik markas\u0131 olmay\u0131 hedefledik. Her m\u00fc\u015fterimizin ihtiyac\u0131na \u00f6zel \u00e7\u00f6z\u00fcmler sunarak, hem kaliteli hem de \u015f\u0131k \u00fcr\u00fcnleri bir araya getiriyoruz.<br>Re\u00e7eteli g\u00f6zl\u00fcklerden g\u00fcne\u015f g\u00f6zl\u00fcklerine, kontakt lenslerden optik aksesuarlara kadar geni\u015f \u00fcr\u00fcn yelpazemizle; alan\u0131nda uzman, g\u00fcler y\u00fczl\u00fc ekibimizle hizmet veriyoruz.<br>Yenilikleri takip eden, geli\u015fime a\u00e7\u0131k ve m\u00fc\u015fteri memnuniyetini \u00f6n planda tutan bir anlay\u0131\u015fla bug\u00fcn oldu\u011fu gibi yar\u0131n da yan\u0131n\u0131zda olmay\u0131 s\u00fcrd\u00fcrece\u011fiz.<\/strong><\/p><\/div><\/div>\n<\/div><\/div>\n\n\n\n<div class=\"wp-block-uagb-advanced-heading uagb-block-930e46bc\"><h3 class=\"uagb-heading-text\">Fark\u0131 G\u00d6ZL\u00dcX&#8217;le ya\u015fay\u0131n.<\/h3><\/div>\n<\/div>\n<\/div><\/div>\n\n\n\n<div class=\"wp-block-uagb-container uagb-layout-grid uagb-block-e28cfc75 alignfull uagb-is-root-container\"><div class=\"uagb-container-inner-blocks-wrap\">\n<div class=\"wp-block-uagb-advanced-heading uagb-block-eda63079\"><h2 class=\"uagb-heading-text\">Misyonumuz<\/h2><p class=\"uagb-desc-text\">M\u00fc\u015fterilerimizin g\u00f6z sa\u011fl\u0131\u011f\u0131na en uygun, kaliteli ve \u015f\u0131k \u00e7\u00f6z\u00fcmleri sunmak; g\u00fcvenilir hizmet anlay\u0131\u015f\u0131m\u0131zla her ya\u015ftan bireyin hayat\u0131na net ve konforlu bir bak\u0131\u015f kazand\u0131rmak.<\/p><\/div>\n\n\n\n<div class=\"wp-block-uagb-advanced-heading uagb-block-85427a9f\"><h2 class=\"uagb-heading-text\">Vizyonumuz<\/h2><p class=\"uagb-desc-text\">Optik sekt\u00f6r\u00fcnde yenilikleri takip eden, m\u00fc\u015fteri memnuniyetini \u00f6n planda tutan, b\u00f6lgesel ve ulusal \u00f6l\u00e7ekte g\u00fcvenilen bir marka olmak.<\/p><\/div>\n\n\n\n<div class=\"wp-block-uagb-container uagb-block-f0a15929\">\n<div class=\"wp-block-uagb-advanced-heading uagb-block-148f71c6\"><h2 class=\"uagb-heading-text\">de\u011ferlerimiz<\/h2><\/div>\n\n\n\n<div class=\"wp-block-uagb-icon-list uagb-block-be0f6192\"><div class=\"uagb-icon-list__wrap\">\n<div class=\"wp-block-uagb-icon-list-child uagb-block-b1e98b3c\"><a target=\"_self\" aria-label=\"Kalite\u200b\" rel=\"noopener noreferrer\" href=\"#\"> <\/a><span class=\"uagb-icon-list__source-wrap\"><svg xmlns=\"https:\/\/www.w3.org\/2000\/svg\" viewBox=\"0 0 256 512\"><path d=\"M118.6 105.4l128 127.1C252.9 239.6 256 247.8 256 255.1s-3.125 16.38-9.375 22.63l-128 127.1c-9.156 9.156-22.91 11.9-34.88 6.943S64 396.9 64 383.1V128c0-12.94 7.781-24.62 19.75-29.58S109.5 96.23 118.6 105.4z\"><\/path><\/svg><\/span><span class=\"uagb-icon-list__label\">Kalite\u200b<\/span><\/div>\n\n\n\n<div class=\"wp-block-uagb-icon-list-child uagb-block-bab344fa\"><a target=\"_self\" aria-label=\"G\u00fcvenilirlik\u200b\" rel=\"noopener noreferrer\" href=\"#\"> <\/a><span class=\"uagb-icon-list__source-wrap\"><svg xmlns=\"https:\/\/www.w3.org\/2000\/svg\" viewBox=\"0 0 256 512\"><path d=\"M118.6 105.4l128 127.1C252.9 239.6 256 247.8 256 255.1s-3.125 16.38-9.375 22.63l-128 127.1c-9.156 9.156-22.91 11.9-34.88 6.943S64 396.9 64 383.1V128c0-12.94 7.781-24.62 19.75-29.58S109.5 96.23 118.6 105.4z\"><\/path><\/svg><\/span><span class=\"uagb-icon-list__label\">G\u00fcvenilirlik\u200b<\/span><\/div>\n\n\n\n<div class=\"wp-block-uagb-icon-list-child uagb-block-848cfa54\"><a target=\"_self\" aria-label=\"Samimiyet\u200b\" rel=\"noopener noreferrer\" href=\"#\"> <\/a><span class=\"uagb-icon-list__source-wrap\"><svg xmlns=\"https:\/\/www.w3.org\/2000\/svg\" viewBox=\"0 0 256 512\"><path d=\"M118.6 105.4l128 127.1C252.9 239.6 256 247.8 256 255.1s-3.125 16.38-9.375 22.63l-128 127.1c-9.156 9.156-22.91 11.9-34.88 6.943S64 396.9 64 383.1V128c0-12.94 7.781-24.62 19.75-29.58S109.5 96.23 118.6 105.4z\"><\/path><\/svg><\/span><span class=\"uagb-icon-list__label\">Samimiyet\u200b<\/span><\/div>\n<\/div><\/div>\n<\/div>\n<\/div><\/div>\n","protected":false},"excerpt":{"rendered":"<p>Hakk\u0131m\u0131zda \u201cSadece bir optik de\u011fil; 27 y\u0131ll\u0131k g\u00fcvenin ve deneyimin adresiyiz.\u201d Fark\u0131 G\u00d6ZL\u00dcX&#8217;le ya\u015fay\u0131n. Misyonumuz M\u00fc\u015fterilerimizin g\u00f6z sa\u011fl\u0131\u011f\u0131na en uygun, kaliteli ve \u015f\u0131k \u00e7\u00f6z\u00fcmleri sunmak; g\u00fcvenilir hizmet anlay\u0131\u015f\u0131m\u0131zla her ya\u015ftan bireyin hayat\u0131na net ve konforlu bir bak\u0131\u015f kazand\u0131rmak. Vizyonumuz Optik sekt\u00f6r\u00fcnde yenilikleri takip eden, m\u00fc\u015fteri memnuniyetini \u00f6n planda tutan, b\u00f6lgesel ve ulusal \u00f6l\u00e7ekte g\u00fcvenilen bir [&hellip;]<\/p>\n","protected":false},"author":1,"featured_media":0,"parent":0,"menu_order":0,"comment_status":"closed","ping_status":"closed","template":"","meta":{"om_disable_all_campaigns":false,"_uag_custom_page_level_css":"","_mi_skip_tracking":false,"_monsterinsights_sitenote_active":false,"_monsterinsights_sitenote_note":"","_monsterinsights_sitenote_category":0,"site-sidebar-layout":"no-sidebar","site-content-layout":"plain-container","ast-site-content-layout":"full-width-container","site-content-style":"unboxed","site-sidebar-style":"unboxed","ast-global-header-display":"","ast-banner-title-visibility":"","ast-main-header-display":"","ast-hfb-above-header-display":"","ast-hfb-below-header-display":"","ast-hfb-mobile-header-display":"","site-post-title":"disabled","ast-breadcrumbs-content":"","ast-featured-img":"disabled","footer-sml-layout":"","theme-transparent-header-meta":"enabled","adv-header-id-meta":"","stick-header-meta":"","header-above-stick-meta":"","header-main-stick-meta":"","header-below-stick-meta":"","astra-migrate-meta-layouts":"set","ast-page-background-enabled":"default","ast-page-background-meta":{"desktop":{"background-color":"","background-image":"","background-repeat":"repeat","background-position":"center center","background-size":"auto","background-attachment":"scroll","background-type":"","background-media":"","overlay-type":"","overlay-color":"","overlay-opacity":"","overlay-gradient":""},"tablet":{"background-color":"","background-image":"","background-repeat":"repeat","background-position":"center center","background-size":"auto","background-attachment":"scroll","background-type":"","background-media":"","overlay-type":"","overlay-color":"","overlay-opacity":"","overlay-gradient":""},"mobile":{"background-color":"","background-image":"","background-repeat":"repeat","background-position":"center center","background-size":"auto","background-attachment":"scroll","background-type":"","background-media":"","overlay-type":"","overlay-color":"","overlay-opacity":"","overlay-gradient":""}},"ast-content-background-meta":{"desktop":{"background-color":"var(--ast-global-color-5)","background-image":"","background-repeat":"repeat","background-position":"center center","background-size":"auto","background-attachment":"scroll","background-type":"","background-media":"","overlay-type":"","overlay-color":"","overlay-opacity":"","overlay-gradient":""},"tablet":{"background-color":"var(--ast-global-color-5)","background-image":"","background-repeat":"repeat","background-position":"center center","background-size":"auto","background-attachment":"scroll","background-type":"","background-media":"","overlay-type":"","overlay-color":"","overlay-opacity":"","overlay-gradient":""},"mobile":{"background-color":"var(--ast-global-color-5)","background-image":"","background-repeat":"repeat","background-position":"center center","background-size":"auto","background-attachment":"scroll","background-type":"","background-media":"","overlay-type":"","overlay-color":"","overlay-opacity":"","overlay-gradient":""}},"_joinchat":[],"footnotes":""},"class_list":["post-218","page","type-page","status-publish","hentry"],"aioseo_notices":[],"uagb_featured_image_src":{"full":false,"thumbnail":false,"medium":false,"medium_large":false,"large":false,"1536x1536":false,"2048x2048":false},"uagb_author_info":{"display_name":"estmtn@hotmail.com","author_link":"https:\/\/gozluxoptik.net\/?author=1"},"uagb_comment_info":0,"uagb_excerpt":"Hakk\u0131m\u0131zda \u201cSadece bir optik de\u011fil; 27 y\u0131ll\u0131k g\u00fcvenin ve deneyimin adresiyiz.\u201d Fark\u0131 G\u00d6ZL\u00dcX&#8217;le ya\u015fay\u0131n. Misyonumuz M\u00fc\u015fterilerimizin g\u00f6z sa\u011fl\u0131\u011f\u0131na en uygun, kaliteli ve \u015f\u0131k \u00e7\u00f6z\u00fcmleri sunmak; g\u00fcvenilir hizmet anlay\u0131\u015f\u0131m\u0131zla her ya\u015ftan bireyin hayat\u0131na net ve konforlu bir bak\u0131\u015f kazand\u0131rmak. Vizyonumuz Optik sekt\u00f6r\u00fcnde yenilikleri takip eden, m\u00fc\u015fteri memnuniyetini \u00f6n planda tutan, b\u00f6lgesel ve ulusal \u00f6l\u00e7ekte g\u00fcvenilen bir&hellip;","_links":{"self":[{"href":"https:\/\/gozluxoptik.net\/index.php?rest_route=\/wp\/v2\/pages\/218","targetHints":{"allow":["GET"]}}],"collection":[{"href":"https:\/\/gozluxoptik.net\/index.php?rest_route=\/wp\/v2\/pages"}],"about":[{"href":"https:\/\/gozluxoptik.net\/index.php?rest_route=\/wp\/v2\/types\/page"}],"author":[{"embeddable":true,"href":"https:\/\/gozluxoptik.net\/index.php?rest_route=\/wp\/v2\/users\/1"}],"replies":[{"embeddable":true,"href":"https:\/\/gozluxoptik.net\/index.php?rest_route=%2Fwp%2Fv2%2Fcomments&post=218"}],"version-history":[{"count":8,"href":"https:\/\/gozluxoptik.net\/index.php?rest_route=\/wp\/v2\/pages\/218\/revisions"}],"predecessor-version":[{"id":27353,"href":"https:\/\/gozluxoptik.net\/index.php?rest_route=\/wp\/v2\/pages\/218\/revisions\/27353"}],"wp:attachment":[{"href":"https:\/\/gozluxoptik.net\/index.php?rest_route=%2Fwp%2Fv2%2Fmedia&parent=218"}],"curies":[{"name":"wp","href":"https:\/\/api.w.org\/{rel}","templated":true}]}}